{"id":384,"date":"2023-07-12T10:53:34","date_gmt":"2023-07-12T10:53:34","guid":{"rendered":"http:\/\/felidarity.com\/aviso-legal"},"modified":"2023-07-12T11:01:28","modified_gmt":"2023-07-12T11:01:28","slug":"aviso-legal","status":"publish","type":"page","link":"https:\/\/felidarity.com\/en\/aviso-legal","title":{"rendered":"Legal Notice"},"content":{"rendered":"<div class=\"row wpb_row row-fluid\"><div class=\"wpb_column columns medium-12 thb-dark-column small-12\"><div class=\"vc_column-inner\"><div class=\"wpb_wrapper\">\n\t<div class=\"wpb_text_column wpb_content_element\" >\n\t\t<div class=\"wpb_wrapper\">\n\t\t\t<h3>IDENTIFICATION DATA OF THE OWNER OF THE WEBSITE<\/h3>\n<p>In compliance with the duty of information stipulated in Article 10 of Law 34\/2002 of July 11, 2002 on Information Society Services and Electronic Commerce, <strong><em>FELIDARITY S.L.<\/em><\/strong>, con NIF B-98854128, registered in the commercial register of VALENCIA with date 8 DE SEPTIEMBRE DE 2016, presentation 9 DE SEPTIEMVRE DE 2016, section GENERAL, book 7453, volume 10171, folio 145, sheet V-172441, protocol 2016\/853, inscription 102, en adelante <strong>Felidarity<\/strong>as owner of the website <strong>group2.brandsofrevolution.com<\/strong>, con domicilio en VALLE DE ONCHI 28, c\u00f3digo postal 46111 de ROCAFORT, VALENCIA, direcci\u00f3n de correo electr\u00f3nico <a href=\"mailto:%69%6ef%6f%40&#102;&#101;%6c%69%64%61%72%69t%79.c%6f&#109;\">info@felidarity.com<\/a> and telephone 605687864, proceeds to communicate the present information that conforms and regulates the conditions of use in this page, the limitations of responsibility and the obligations that, the users of the web site that is published under the domain name <strong><i>group2.brandsofrevolution.com<\/i><\/strong>and undertake to abide by them.<\/p>\n<h3>TERMS AND CONDITIONS OF USE<\/h3>\n<p>The use of <strong>group2.brandsofrevolution.com<\/strong> grants the status of <strong>User<\/strong> from <strong>group2.brandsofrevolution.com<\/strong>, bien sea persona f\u00edsica o jur\u00eddica, y obligatoriamente implica la aceptaci\u00f3n completa, plena y sin reservas de todas y cada una de las cl\u00e1usulas y condiciones generales incluidas en el Aviso Legal. Si el <strong>User<\/strong> does not agree with the clauses and conditions of use of this Legal Notice, you will refrain from using <strong>group2.brandsofrevolution.com<\/strong>. Este Aviso Legal est\u00e1 sujeto a cambios y actualizaciones, por lo que la versi\u00f3n publicada por <strong>Felidarity<\/strong> can be different at any time when the <strong>User<\/strong> access the Portal. Therefore, the <strong>User<\/strong> you must read the Legal Notice each and every time you access the <strong>group2.brandsofrevolution.com<\/strong>.<\/p>\n\n<p>Through <strong>group2.brandsofrevolution.com<\/strong>, <strong>Felidarity<\/strong> facilitates the <strong>User<\/strong> el acceso y la utilizaci\u00f3n de diversos contenidos publicados por medio de Internet por <strong>Felidarity<\/strong> or by authorized third parties.<\/p>\n\n<p>The <strong>User<\/strong> is obligated and committed to use <strong>group2.brandsofrevolution.com<\/strong> y los contenidos de conformidad con la legislaci\u00f3n vigente, el Aviso Legal y cualquier otro aviso o instrucciones puestos en su conocimiento, bien sea por medio de este Aviso Legal o en cualquier otro lugar dentro de los contenidos que conforman <strong>group2.brandsofrevolution.com<\/strong>, como son las normas de convivencia, la moral y las buenas costumbres generalmente aceptadas. A tal efecto, el <strong>User<\/strong> se obliga y compromete a no utilizar cualesquiera de los contenidos con fines o efectos il\u00edcitos, prohibidos en el Aviso Legal o por la legislaci\u00f3n vigente, lesivos de los derechos e intereses de terceros, o que de cualquier forma puedan da\u00f1ar, inutilizar, sobrecargar, deteriorar o impedir la normal utilizaci\u00f3n de los contenidos, los equipos inform\u00e1ticos o los documentos, archivos y toda clase de contenidos almacenados en cualquier equipo inform\u00e1tico propio o contratado por <strong>Felidarity<\/strong>of another <strong>User<\/strong> or any Internet user (hardware and software).<\/p>\n\n<p>The <strong>User<\/strong> undertakes and undertakes not to transmit, disseminate or make available to third parties any kind of material contained in <strong>group2.brandsofrevolution.com<\/strong>, tales como informaciones, textos, datos, contenidos, mensajes, gr\u00e1ficos, dibujos, archivos de sonido o imagen, fotograf\u00edas, grabaciones, software, logotipos, marcas, iconos, tecnolog\u00eda, enlaces, dise\u00f1o gr\u00e1fico y c\u00f3digos fuente, o cualquier otro material al que tuviera acceso en su condici\u00f3n de <strong>User<\/strong> from <strong>group2.brandsofrevolution.com<\/strong>This list is not limitative in nature. Likewise, in accordance with the above, the <strong>User<\/strong> will not be able to:<\/p>\n<ul>\n<li>Reproducir, copiar, distribuir, poner a disposici\u00f3n o de cualquier otra forma comunicar p\u00fablicamente, transformar o modificar los contenidos, a menos que se cuente con la autorizaci\u00f3n escrita y expl\u00edcita de <strong>Felidarity<\/strong>, que es titular de los derechos correspondientes, o bien que ello resulte legalmente permitido.<\/li>\n<li>Delete, manipulate or in any way alter the copyright and other identifying data of the reservation of rights of <strong>Felidarity<\/strong> o de sus titulares, de las huellas o identificadores digitales, marcas de agua, o de cualesquiera otros medios t\u00e9cnicos establecidos para su reconocimiento.<\/li>\n<\/ul>\n<p>The <strong>User<\/strong> deber\u00e1 abstenerse de obtener e incluso de intentar obtener los contenidos empleando para ello medios o procedimientos distintos de los que, seg\u00fan los casos, se hayan puesto a su disposici\u00f3n a este efecto, o se hayan indicado a este efecto en las p\u00e1ginas web donde se encuentren los contenidos o, en general, de los que se empleen habitualmente en Internet a este efecto siempre que no entra\u00f1en un riesgo de da\u00f1o o inutilizaci\u00f3n de <strong>group2.brandsofrevolution.com<\/strong>, o de los contenidos.<\/p>\n<h3>INTELLECTUAL PROPERTY<\/h3>\n<p>All trademarks, trade names or distinctive signs of any kind appearing on this website are the property of their respective owners. <strong>group2.brandsofrevolution.com<\/strong> are the property of <strong>Felidarity<\/strong> o, en su caso, de sus respectivos propietarios, sin que pueda entenderse que el uso o acceso al Portal o a los contenidos atribuya al <strong>User<\/strong> derecho alguno sobre las citadas marcas, nombres comerciales o signos distintivos y sin que puedan entenderse cedidos al <strong>User<\/strong> ninguno de los derechos de explotaci\u00f3n que existen o puedan existir sobre dichos contenidos. De igual modo, los contenidos son propiedad intelectual de <strong>Felidarity<\/strong> o de terceros en su caso, por tanto, los derechos de propiedad intelectual son titularidad de <strong>Felidarity<\/strong> o de terceros que han autorizado su uso, a quienes corresponde el ejercicio exclusivo de los derechos de explotaci\u00f3n de los mismos en cualquier forma y, en especial, los derechos de reproducci\u00f3n, distribuci\u00f3n, comunicaci\u00f3n p\u00fablica y transformaci\u00f3n. La utilizaci\u00f3n no autorizada de la informaci\u00f3n contenida en este sitio web, as\u00ed como la lesi\u00f3n de los derechos de propiedad intelectual o industrial de <strong>Felidarity<\/strong> or third parties included in <strong>group2.brandsofrevolution.com<\/strong> que hayan cedido contenidos, dar\u00e1 lugar a las responsabilidades legalmente establecidas.<\/p>\n<h3>AVAILABILITY OF GRUPO2.BRANDSOFREVOLUTION.COM<\/h3>\n<p><strong>Felidarity<\/strong> does not guarantee that there will be no interruptions or errors in the access to <strong>group2.brandsofrevolution.com<\/strong> o a sus contenidos ni que estos se encuentren actualizados, aunque desarrollar\u00e1 sus mejores esfuerzos para, en su caso, evitarlos, subsanarlos o actualizarlos. Por consiguiente, <strong>Felidarity<\/strong> shall not be liable for any damages of any kind caused in the <strong>User<\/strong> que traigan causa de fallos o desconexiones en las redes de telecomunicaciones que produzcan la suspensi\u00f3n, cancelaci\u00f3n o interrupci\u00f3n del servicio del portal durante la prestaci\u00f3n del servicio o con car\u00e1cter previo.<\/p>\n\n<p><strong>Felidarity<\/strong> excludes, with the exceptions contemplated in the legislation in force, any liability for damages of any nature that may be due to the lack of availability, continuity or quality of the operation of <strong>group2.brandsofrevolution.com<\/strong> y de los contenidos, por el incumplimiento de la expectativa de utilidad que el <strong>User<\/strong> could have attributed to <strong>group2.brandsofrevolution.com<\/strong> y a los contenidos.<\/p>\n\n<p>La funci\u00f3n de los hiperenlaces que aparecen en este sitio web es exclusivamente la de informar al <strong>User<\/strong> acerca de la existencia de otros sitios web que contienen informaci\u00f3n sobre la materia. Dichos hiperenlaces no constituyen sugerencia ni recomendaci\u00f3n alguna.<\/p>\n\n<p><strong>Felidarity<\/strong> no se hace responsable de los contenidos de las p\u00e1ginas enlazadas, del funcionamiento o utilidad de los hiperenlaces ni del resultado de los mismos, ni garantiza la ausencia de virus u otros elementos en los mismos que puedan producir alteraciones en el sistema inform\u00e1tico (hardware y software), los documentos o los ficheros del <strong>User<\/strong>excluding any liability for damage of any kind caused to the <strong>User<\/strong> for this reason.<\/p>\n\n<p>Access to <strong>group2.brandsofrevolution.com<\/strong> does not imply any obligation on the part of <strong>Felidarity<\/strong> to control the absence of viruses, worms or any other harmful computer element. It is the responsibility of the <strong>User<\/strong>, en todo caso, la disponibilidad de herramientas adecuadas para la detecci\u00f3n y desinfecci\u00f3n de programas inform\u00e1ticos da\u00f1inos. Por lo tanto, <strong>Felidarity<\/strong> is not responsible for any possible security errors that may occur during the provision of the service of <strong>group2.brandsofrevolution.com<\/strong>or for any possible damage that may be caused to the computer system of the <strong>User<\/strong> o de terceros (hardware y software), as\u00ed como a los ficheros o documentos almacenados en dicho sistema, como consecuencia de la presencia de virus en el ordenador del <strong>User<\/strong> utilizado para la conexi\u00f3n a los servicios y contenidos de la web, de un mal funcionamiento del navegador o del uso de versiones no actualizadas del mismo.<\/p>\n\n<p>The provision of the service of <strong>group2.brandsofrevolution.com<\/strong> y de los contenidos tiene, en principio, duraci\u00f3n indefinida. No obstante, <strong>Felidarity<\/strong> queda autorizado para dar por terminada o suspender la prestaci\u00f3n del servicio de <strong>group2.brandsofrevolution.com<\/strong> o de cualquiera de los contenidos en cualquier momento. Cuando ello sea razonablemente posible, <strong>Felidarity<\/strong> prior notice of the termination or suspension of the <strong>group2.brandsofrevolution.com<\/strong>.<\/p>\n<h3>GROUP QUALITY2.BRANDSOFREVOLUTION.COM<\/h3>\n<p>Given the dynamic and changing environment of the information and services provided by means of <strong>group2.brandsofrevolution.com<\/strong>, <strong>Felidarity<\/strong> realiza su mejor esfuerzo, pero no garantiza la completa veracidad, exactitud, fiabilidad, utilidad o actualidad de los contenidos. La informaci\u00f3n contenida en las p\u00e1ginas que componen este portal solo tiene car\u00e1cter informativo, consultivo, divulgativo y publicitario. En ning\u00fan caso ofrece ni tiene car\u00e1cter de compromiso vinculante o contractual.<\/p>\n<h3>LIMITATION OF LIABILITY<\/h3>\n<p><strong>Felidarity<\/strong> excludes all liability for decisions made by the <strong>User<\/strong> pueda tomar basadas en esta informaci\u00f3n, as\u00ed como por los posibles errores tipogr\u00e1ficos que puedan contener los documentos y elementos gr\u00e1ficos de <strong>group2.brandsofrevolution.com<\/strong>. La informaci\u00f3n est\u00e1 sometida a posibles cambios peri\u00f3dicos sin previo aviso por ampliaci\u00f3n, mejora, correcci\u00f3n o actualizaci\u00f3n de los contenidos.<\/p>\n<h3>NOTIFICATIONS<\/h3>\n<p>Todas las notificaciones y comunicaciones de <strong>Felidarity<\/strong> at <strong>User<\/strong> realizadas por cualquier medio se considerar\u00e1n eficaces a todos los efectos.<\/p>\n<h3>JURISDICTION<\/h3>\n<p>For any questions that may arise regarding the interpretation, application and compliance with this Legal Notice, as well as any claims that may arise from its use, all the intervening parties submit themselves to the Judges and Courts of the province of VALENCIA, expressly waiving any other jurisdiction that may correspond to them.<\/p>\n<h3>APPLICABLE LAW<\/h3>\n<p>This Legal Notice is governed by the Spanish legislation in force.<\/p>\n\n<p>\u00a0<\/p>\n\n\t\t<\/div>\n\t<\/div>\n<\/div><\/div><\/div><\/div>","protected":false},"excerpt":{"rendered":"DATOS IDENTIFICATIVOS DEL TITULAR DEL SITIO WEB En cumplimiento del deber de informaci\u00f3n estipulado en el art\u00edculo 10 de la Ley 34\/2002 de 11 de julio de Servicios de la Sociedad de la Informaci\u00f3n y de Comercio Electr\u00f3nico, FELIDARITY S.L., con NIF B-98854128, registered in the commercial register of VALENCIA with date 8 DE SEPTIEMBRE&hellip;","protected":false},"author":2,"featured_media":0,"parent":0,"menu_order":0,"comment_status":"closed","ping_status":"closed","template":"","meta":{"om_disable_all_campaigns":false,"_monsterinsights_skip_tracking":false,"_monsterinsights_sitenote_active":false,"_monsterinsights_sitenote_note":"","_monsterinsights_sitenote_category":0,"_uf_show_specific_survey":0,"_uf_disable_surveys":false,"footnotes":""},"class_list":["post-384","page","type-page","status-publish","hentry"],"aioseo_notices":[],"_links":{"self":[{"href":"https:\/\/felidarity.com\/en\/wp-json\/wp\/v2\/pages\/384","targetHints":{"allow":["GET"]}}],"collection":[{"href":"https:\/\/felidarity.com\/en\/wp-json\/wp\/v2\/pages"}],"about":[{"href":"https:\/\/felidarity.com\/en\/wp-json\/wp\/v2\/types\/page"}],"author":[{"embeddable":true,"href":"https:\/\/felidarity.com\/en\/wp-json\/wp\/v2\/users\/2"}],"replies":[{"embeddable":true,"href":"https:\/\/felidarity.com\/en\/wp-json\/wp\/v2\/comments?post=384"}],"version-history":[{"count":2,"href":"https:\/\/felidarity.com\/en\/wp-json\/wp\/v2\/pages\/384\/revisions"}],"predecessor-version":[{"id":392,"href":"https:\/\/felidarity.com\/en\/wp-json\/wp\/v2\/pages\/384\/revisions\/392"}],"wp:attachment":[{"href":"https:\/\/felidarity.com\/en\/wp-json\/wp\/v2\/media?parent=384"}],"curies":[{"name":"wp","href":"https:\/\/api.w.org\/{rel}","templated":true}]}}