{"id":386,"date":"2023-07-12T10:53:34","date_gmt":"2023-07-12T10:53:34","guid":{"rendered":"http:\/\/felidarity.com\/cookies"},"modified":"2023-07-12T10:59:59","modified_gmt":"2023-07-12T10:59:59","slug":"cookies","status":"publish","type":"page","link":"https:\/\/felidarity.com\/en\/cookies","title":{"rendered":"Cookie Policy"},"content":{"rendered":"<div class=\"row wpb_row row-fluid\"><div class=\"wpb_column columns medium-12 thb-dark-column small-12\"><div class=\"vc_column-inner\"><div class=\"wpb_wrapper\">\n\t<div class=\"wpb_text_column wpb_content_element\" >\n\t\t<div class=\"wpb_wrapper\">\n\t\t\t<h3>This site uses cookies<\/h3>\n<p>En cumplimiento de la Ley 34\/2002 de 11 de julio de Servicios de la Sociedad de la Informaci\u00f3n y de Comercio Electr\u00f3nico (LSSICE), as\u00ed como en el Reglamento (UE) 2016\/679 del Parlamento Europeo y del Consejo, de 27 de abril de 2016 (RGPD), y en la Ley Org\u00e1nica 3\/2018, de Protecci\u00f3n de Datos Personales y garant\u00eda de los derechos digitales (LOPDGDD), te informamos de que este sitio web <strong>Felidarity<\/strong> utiliza cookies y otros dispositivos de almacenamiento y recuperaci\u00f3n de datos.<\/p>\n<p>La normativa citada se aplica a cualquier clase de archivo o dispositivo que se descargue en el equipo terminal de un usuario con la finalidad de almacenar datos que podr\u00e1n ser actualizados y recuperados por la entidad responsable de su instalaci\u00f3n.<\/p>\n<p>Cookies are small text files sent to a browser from a web server to record user activity on a website so that this information can be retrieved later when browsing the different pages connected to the server that installed them.<\/p>\n<p>The <em>cookies<\/em> usually store technical information, personal preferences, personalization of content, usage statistics, links to social networks, access to user accounts, etc..<\/p>\n<h3>Types of cookies<\/h3>\n<p>A continuaci\u00f3n, se realiza una clasificaci\u00f3n de las cookies en funci\u00f3n de una serie de categor\u00edas. No obstante, es necesario tener en cuenta que una misma cookie puede estar incluida en m\u00e1s de una categor\u00eda.<\/p><h2>According to the entity that manages them<\/h2>\n<p><\/p><ul>\n\t\t<li><b>Own cookies:<\/b> They are those that are sent to the user's terminal equipment from a computer or domain managed by the editor itself and from which the service requested by the user is provided.<\/li>\n\t\t<li><b>Third-party cookies:<\/b> Cookies are those that are sent to the user's terminal equipment from a computer or domain that is not managed by the editor, but by another entity that processes the data obtained through the cookies.<\/li>\n\t<\/ul><p>In the event that the cookies are installed from a computer or domain managed by the editor itself, but the information collected through these is managed by a third party, they are not considered own cookies.<\/p><h2>According to the length of time they remain activated<\/h2>\n<p><\/p><ul>\n\t\t<li><b>Session cookies:<\/b> Son un tipo de cookies dise\u00f1adas para recabar y almacenar datos mientras el usuario accede a una p\u00e1gina web. Se suelen emplear para almacenar informaci\u00f3n que solo interesa conservar para la prestaci\u00f3n del servicio solicitado por el usuario en una sola ocasi\u00f3n (por ejemplo: una lista de productos adquiridos).<\/li>\n\t\t<li><b>Persistent cookies:<\/b> These are a type of cookie in which the data remains stored in the terminal and can be accessed and processed for a period defined by the party responsible for the cookie, which can range from a few minutes to several years.<\/li>\n\t<\/ul><h2>According to purpose<\/h2>\n<p>Depending on the purpose for which the data obtained through cookies are processed, we can distinguish between:<\/p><ul>\n\t\t<li><b>Technical cookies:<\/b> They are those that allow the user to navigate through a website, platform or application and the use of the different options or services that exist in it as, for example, control traffic and data communication, identify the session, access parts of restricted access, remember the elements that make up an order, make the buying process of an order, make the application for registration or participation in an event, use security features while browsing, store content for broadcast video or sound or share content through social networks.<\/li>\n\t\t<li><b>Personalization cookies:<\/b> Son aquellas que permiten al usuario acceder al servicio con algunas caracter\u00edsticas de car\u00e1cter general predefinidas en funci\u00f3n de una serie de criterios en el terminal del usuario como por ejemplo ser\u00edan el idioma, el tipo de navegador a trav\u00e9s del cual accede al servicio, la configuraci\u00f3n regional desde donde accede al servicio, etc.<\/li>\n\t\t<li><b>Analytics cookies:<\/b> Son aquellas que permiten al responsable de las mismas el seguimiento y an\u00e1lisis del comportamiento de los usuarios de los sitios web a los que est\u00e1n vinculadas. La informaci\u00f3n recogida mediante este tipo de cookies se utiliza en la medici\u00f3n de la actividad de los sitios web, aplicaci\u00f3n o plataforma y para la elaboraci\u00f3n de perfiles de navegaci\u00f3n de los usuarios de dichos sitios, aplicaciones y plataformas, con el fin de introducir mejoras en funci\u00f3n del an\u00e1lisis de los datos de uso que hacen los usuarios del servicio.<\/li>\n\t\t<li><b>Advertising Cookies:<\/b> They are those that allow the management, in the most efficient way possible, of the advertising spaces that, where appropriate, the publisher has included on a web page, application or platform from which it provides the requested service based on criteria such as the edited content or the frequency at which the ads are displayed.<\/li>\n\t\t<li><b>Behavioral advertising cookies:<\/b> They are those that allow the management, in the most effective way possible, of advertising spaces that, where appropriate, the publisher has included on a website, application or platform from which it provides the requested service. These cookies store information on user behavior obtained through the continuous observation of their browsing habits, which allows the development of a specific profile to display advertising based on the same.<\/li>\n\t<\/ul>\n<h3>How to disable cookies in the main web browsers<\/h3>\n<p>To configure the use of cookies, follow the instructions for your browser or consult your browser's help:<\/p>\n<ul>\n<li><a href=\"https:\/\/support.apple.com\/es-es\/HT201265\">Safari<\/a><\/li>\n<li><a href=\"https:\/\/support.mozilla.org\/es\/kb\/habilitar-y-deshabilitar-cookies-sitios-web-rastrear-preferencias?redirectlocale=es&redirectslug=habilitar-y-deshabilitar-cookies-que-los-sitios-we\">Firefox<\/a><\/li>\n<li><a href=\"https:\/\/support.google.com\/chrome\/answer\/95647?hl=es-es\">Chrome<\/a><\/li>\n<li><a href=\"https:\/\/www.opera.com\/help\/tutorials\/security\/privacy\/\">Opera<\/a><\/li>\n<li><a href=\"https:\/\/support.microsoft.com\/es-es\/help\/17442\/windows-internet-explorer-delete-manage-cookies\">Internet Explorer<\/a><\/li>\n<li><a href=\"https:\/\/privacy.microsoft.com\/es-es\/windows-10-microsoft-edge-and-privacy\">Edge<\/a><\/li>\n<\/ul>\n<h3>What happens if cookies are not accepted<\/h3>\n<p>Rejecting cookies may prevent access to personalized content and services.<\/p>\n<h3>Updates and modifications to the cookies policy<\/h3>\n<p>Felidarity can modify this policy of cookies according to the legislative, regulatory requirements, with the purpose of adapting this policy to the instructions dictated by the Spanish Agency of Protection of Data, for technical questions or of reorganization of the Web; for that reason we advise you to visit it periodically.\n<h3>Contact<\/h3>\n<p>If you have any questions about how we use cookies, please write to us at the following e-mail address: <a href=\"mailto:%69n%66%6f&#64;&#102;%65&#108;&#105;%64%61&#114;i&#116;y&#46;&#99;om\">info@felidarity.com<\/a>.\n\n<p>\u00a0<\/p>\n\n\t\t<\/div>\n\t<\/div>\n<\/div><\/div><\/div><\/div>","protected":false},"excerpt":{"rendered":"Este sitio utiliza cookies En cumplimiento de la Ley 34\/2002 de 11 de julio de Servicios de la Sociedad de la Informaci\u00f3n y de Comercio Electr\u00f3nico (LSSICE), as\u00ed como en el Reglamento (UE) 2016\/679 del Parlamento Europeo y del Consejo, de 27 de abril de 2016 (RGPD), y en la Ley Org\u00e1nica 3\/2018, de Protecci\u00f3n&hellip;","protected":false},"author":2,"featured_media":0,"parent":0,"menu_order":0,"comment_status":"closed","ping_status":"closed","template":"","meta":{"om_disable_all_campaigns":false,"_monsterinsights_skip_tracking":false,"_monsterinsights_sitenote_active":false,"_monsterinsights_sitenote_note":"","_monsterinsights_sitenote_category":0,"_uf_show_specific_survey":0,"_uf_disable_surveys":false,"footnotes":""},"class_list":["post-386","page","type-page","status-publish","hentry"],"aioseo_notices":[],"_links":{"self":[{"href":"https:\/\/felidarity.com\/en\/wp-json\/wp\/v2\/pages\/386","targetHints":{"allow":["GET"]}}],"collection":[{"href":"https:\/\/felidarity.com\/en\/wp-json\/wp\/v2\/pages"}],"about":[{"href":"https:\/\/felidarity.com\/en\/wp-json\/wp\/v2\/types\/page"}],"author":[{"embeddable":true,"href":"https:\/\/felidarity.com\/en\/wp-json\/wp\/v2\/users\/2"}],"replies":[{"embeddable":true,"href":"https:\/\/felidarity.com\/en\/wp-json\/wp\/v2\/comments?post=386"}],"version-history":[{"count":1,"href":"https:\/\/felidarity.com\/en\/wp-json\/wp\/v2\/pages\/386\/revisions"}],"predecessor-version":[{"id":390,"href":"https:\/\/felidarity.com\/en\/wp-json\/wp\/v2\/pages\/386\/revisions\/390"}],"wp:attachment":[{"href":"https:\/\/felidarity.com\/en\/wp-json\/wp\/v2\/media?parent=386"}],"curies":[{"name":"wp","href":"https:\/\/api.w.org\/{rel}","templated":true}]}}